{"id":46,"date":"2025-09-03T19:25:04","date_gmt":"2025-09-03T22:25:04","guid":{"rendered":"https:\/\/angelussolucoes.com.br\/?page_id=46"},"modified":"2025-10-23T16:06:54","modified_gmt":"2025-10-23T19:06:54","slug":"quem-somos","status":"publish","type":"page","link":"https:\/\/angelussolucoes.com.br\/?page_id=46","title":{"rendered":"Quem somos"},"content":{"rendered":"<section class=\"l-section wpb_row us_custom_46845caf us_animate_this hide_on_tablets hide_on_mobiles height_large with_img parallax_fixed\"><div class=\"l-section-img\" role=\"img\" aria-label=\"Imagem\" data-img-width=\"2446\" data-img-height=\"709\" style=\"background-image: url(https:\/\/angelussolucoes.com.br\/wp-content\/uploads\/2025\/09\/quem_somos-3.png);background-position: top center;background-repeat: no-repeat;background-size: contain;\"><\/div><div class=\"l-section-h i-cf\"><div class=\"g-cols vc_row via_grid cols_1 laptops-cols_inherit tablets-cols_inherit mobiles-cols_1 valign_top type_default stacking_default\"><div class=\"wpb_column vc_column_container\"><div class=\"vc_column-inner\"><div class=\"g-cols wpb_row us_custom_de366d1c us_animate_this via_grid cols_1 laptops-cols_inherit tablets-cols_inherit mobiles-cols_1 valign_top type_default stacking_default\" style=\"--columns-gap:3rem;\"><div class=\"wpb_column vc_column_container\"><div class=\"vc_column-inner\"><div class=\"wpb_text_column\"><div class=\"wpb_wrapper\"><h2><strong>Quem somos<\/strong><\/h2>\n<\/div><\/div><\/div><\/div><div class=\"wpb_column vc_column_container\"><div class=\"vc_column-inner\"><div class=\"w-separator size_small\"><\/div><\/div><\/div><\/div><\/div><\/div><\/div><\/div><\/section><section class=\"l-section wpb_row us_custom_46845caf us_animate_this hide_on_default hide_on_laptops height_huge with_img parallax_fixed\"><div class=\"l-section-img\" role=\"img\" aria-label=\"Imagem\" data-img-width=\"2446\" data-img-height=\"709\" style=\"background-image: url(https:\/\/angelussolucoes.com.br\/wp-content\/uploads\/2025\/09\/quem_somos-3.png);background-position: top center;background-repeat: no-repeat;\"><\/div><div class=\"l-section-h i-cf\"><div class=\"g-cols vc_row via_grid cols_1 laptops-cols_inherit tablets-cols_inherit mobiles-cols_1 valign_top type_default stacking_default\"><div class=\"wpb_column vc_column_container\"><div class=\"vc_column-inner\"><div class=\"g-cols wpb_row us_custom_de366d1c us_animate_this via_grid cols_1 laptops-cols_inherit tablets-cols_inherit mobiles-cols_1 valign_top type_default stacking_default\" style=\"--columns-gap:3rem;\"><div class=\"wpb_column vc_column_container\"><div class=\"vc_column-inner\"><div class=\"w-separator size_large\"><\/div><div class=\"wpb_text_column\"><div class=\"wpb_wrapper\"><h2><strong>Quem somos<\/strong><\/h2>\n<\/div><\/div><\/div><\/div><div class=\"wpb_column vc_column_container\"><div class=\"vc_column-inner\"><div class=\"w-separator size_small\"><\/div><\/div><\/div><\/div><\/div><\/div><\/div><\/div><\/section><section class=\"l-section wpb_row us_custom_a518f36e us_animate_this height_auto\"><div class=\"l-section-h i-cf\"><div class=\"g-cols vc_row via_grid cols_1 laptops-cols_inherit tablets-cols_inherit mobiles-cols_1 valign_top type_default stacking_default\"><div class=\"wpb_column vc_column_container\"><div class=\"vc_column-inner\"><div class=\"w-separator size_small\"><\/div><div class=\"wpb_text_column us_custom_60e9caca us_animate_this\"><div class=\"wpb_wrapper\"><h3>Somos a Angelus, a sua encomenda no melhor caminho.<\/h3>\n<p>Com mais de 15 anos de experi\u00eancia, somos especializados no <strong>transporte rodovi\u00e1rio de cargas<\/strong>, atuando com foco em efici\u00eancia, seguran\u00e7a e economia.<\/p>\n<p>Nosso compromisso \u00e9 atender de forma personalizada cada cliente, contribuindo para o sucesso das entregas e para o aumento da produtividade em toda a cadeia log\u00edstica.<\/p>\n<p>Com uma equipe dedicada e tecnologia de ponta, garantimos qualidade, pontualidade e rastreamento em tempo real.<\/p>\n<\/div><\/div><\/div><\/div><\/div><\/div><\/section><section class=\"l-section wpb_row us_custom_7fa88dbc has_text_color height_small\"><div class=\"l-section-h i-cf\"><div class=\"g-cols vc_row via_grid cols_1 laptops-cols_inherit tablets-cols_inherit mobiles-cols_1 valign_top type_default stacking_default\"><div class=\"wpb_column vc_column_container\"><div class=\"vc_column-inner\"><div class=\"wpb_text_column us_custom_46845caf us_animate_this\"><div class=\"wpb_wrapper\"><h3 style=\"text-align: center;\">Nossos diferenciais<\/h3>\n<\/div><\/div><div class=\"w-separator size_small with_line width_default thick_1 style_solid color_border align_center\"><div class=\"w-separator-h\"><\/div><\/div><div class=\"g-cols wpb_row us_custom_6c0ee9e8 us_animate_this via_grid cols_3 laptops-cols_inherit tablets-cols_inherit mobiles-cols_1 valign_top type_default stacking_default\" style=\"--columns-gap:3rem;\"><div class=\"wpb_column vc_column_container us_custom_8d1dd2c2 has_bg_color\"><div class=\"vc_column-inner\"><div class=\"w-iconbox iconpos_top style_default color_primary align_center no_text icontype_img\"><div class=\"w-iconbox-icon\" style=\"font-size:6rem;\"><img loading=\"lazy\" decoding=\"async\" width=\"640\" height=\"640\" src=\"https:\/\/angelussolucoes.com.br\/wp-content\/uploads\/2025\/09\/Transporte-Rodoviario-1.png\" class=\"attachment-full size-full\" alt=\"\" srcset=\"https:\/\/angelussolucoes.com.br\/wp-content\/uploads\/2025\/09\/Transporte-Rodoviario-1.png 640w, https:\/\/angelussolucoes.com.br\/wp-content\/uploads\/2025\/09\/Transporte-Rodoviario-1-300x300.png 300w, https:\/\/angelussolucoes.com.br\/wp-content\/uploads\/2025\/09\/Transporte-Rodoviario-1-150x150.png 150w\" sizes=\"auto, (max-width: 640px) 100vw, 640px\" \/><\/div><div class=\"w-iconbox-meta\"><h6 class=\"w-iconbox-title\">Transporte Rodovi\u00e1rio<br \/>\nNacional e Regional<\/h6><\/div><\/div><\/div><\/div><div class=\"wpb_column vc_column_container us_custom_8d1dd2c2 has_bg_color\"><div class=\"vc_column-inner\"><div class=\"w-iconbox iconpos_top style_default color_primary align_center no_text icontype_img\"><div class=\"w-iconbox-icon\" style=\"font-size:6rem;\"><img loading=\"lazy\" decoding=\"async\" width=\"640\" height=\"640\" src=\"https:\/\/angelussolucoes.com.br\/wp-content\/uploads\/2025\/09\/carga-fracionada.png\" class=\"attachment-full size-full\" alt=\"\" srcset=\"https:\/\/angelussolucoes.com.br\/wp-content\/uploads\/2025\/09\/carga-fracionada.png 640w, https:\/\/angelussolucoes.com.br\/wp-content\/uploads\/2025\/09\/carga-fracionada-300x300.png 300w, https:\/\/angelussolucoes.com.br\/wp-content\/uploads\/2025\/09\/carga-fracionada-150x150.png 150w\" sizes=\"auto, (max-width: 640px) 100vw, 640px\" \/><\/div><div class=\"w-iconbox-meta\"><h6 class=\"w-iconbox-title\">Solu\u00e7\u00f5es para carga fracionada e fechada<\/h6><\/div><\/div><\/div><\/div><div class=\"wpb_column vc_column_container us_custom_8d1dd2c2 has_bg_color\"><div class=\"vc_column-inner\"><div class=\"w-iconbox iconpos_top style_default color_primary align_center no_text icontype_img\"><div class=\"w-iconbox-icon\" style=\"font-size:6rem;\"><img loading=\"lazy\" decoding=\"async\" width=\"640\" height=\"640\" src=\"https:\/\/angelussolucoes.com.br\/wp-content\/uploads\/2025\/09\/Gerenciamento-logistico.png\" class=\"attachment-full size-full\" alt=\"\" srcset=\"https:\/\/angelussolucoes.com.br\/wp-content\/uploads\/2025\/09\/Gerenciamento-logistico.png 640w, https:\/\/angelussolucoes.com.br\/wp-content\/uploads\/2025\/09\/Gerenciamento-logistico-300x300.png 300w, https:\/\/angelussolucoes.com.br\/wp-content\/uploads\/2025\/09\/Gerenciamento-logistico-150x150.png 150w\" sizes=\"auto, (max-width: 640px) 100vw, 640px\" \/><\/div><div class=\"w-iconbox-meta\"><h6 class=\"w-iconbox-title\">Gerenciamento log\u00edstico completo<\/h6><\/div><\/div><\/div><\/div><\/div><div class=\"w-separator size_medium\"><\/div><div class=\"g-cols wpb_row us_custom_6c0ee9e8 us_animate_this via_grid cols_3 laptops-cols_inherit tablets-cols_inherit mobiles-cols_1 valign_top type_default stacking_default\" style=\"--columns-gap:3rem;\"><div class=\"wpb_column vc_column_container us_custom_8d1dd2c2 has_bg_color\"><div class=\"vc_column-inner\"><div class=\"w-iconbox iconpos_top style_default color_primary align_center no_text icontype_img\"><div class=\"w-iconbox-icon\" style=\"font-size:6rem;\"><img loading=\"lazy\" decoding=\"async\" width=\"640\" height=\"640\" src=\"https:\/\/angelussolucoes.com.br\/wp-content\/uploads\/2025\/09\/Conteineres.png\" class=\"attachment-full size-full\" alt=\"\" srcset=\"https:\/\/angelussolucoes.com.br\/wp-content\/uploads\/2025\/09\/Conteineres.png 640w, https:\/\/angelussolucoes.com.br\/wp-content\/uploads\/2025\/09\/Conteineres-300x300.png 300w, https:\/\/angelussolucoes.com.br\/wp-content\/uploads\/2025\/09\/Conteineres-150x150.png 150w\" sizes=\"auto, (max-width: 640px) 100vw, 640px\" \/><\/div><div class=\"w-iconbox-meta\"><h6 class=\"w-iconbox-title\">Transporte<br \/>\nde Cont\u00eaineres<\/h6><\/div><\/div><\/div><\/div><div class=\"wpb_column vc_column_container us_custom_8d1dd2c2 has_bg_color\"><div class=\"vc_column-inner\"><div class=\"w-iconbox iconpos_top style_default color_primary align_center no_text icontype_img\"><div class=\"w-iconbox-icon\" style=\"font-size:6rem;\"><img loading=\"lazy\" decoding=\"async\" width=\"640\" height=\"640\" src=\"https:\/\/angelussolucoes.com.br\/wp-content\/uploads\/2025\/09\/Servico-Expresso.png\" class=\"attachment-full size-full\" alt=\"\" srcset=\"https:\/\/angelussolucoes.com.br\/wp-content\/uploads\/2025\/09\/Servico-Expresso.png 640w, https:\/\/angelussolucoes.com.br\/wp-content\/uploads\/2025\/09\/Servico-Expresso-300x300.png 300w, https:\/\/angelussolucoes.com.br\/wp-content\/uploads\/2025\/09\/Servico-Expresso-150x150.png 150w\" sizes=\"auto, (max-width: 640px) 100vw, 640px\" \/><\/div><div class=\"w-iconbox-meta\"><h6 class=\"w-iconbox-title\">Servi\u00e7o<br \/>\nExpresso<\/h6><\/div><\/div><\/div><\/div><div class=\"wpb_column vc_column_container us_custom_8d1dd2c2 has_bg_color\"><div class=\"vc_column-inner\"><div class=\"w-iconbox iconpos_top style_default color_primary align_center no_text icontype_img\"><div class=\"w-iconbox-icon\" style=\"font-size:6rem;\"><img loading=\"lazy\" decoding=\"async\" width=\"640\" height=\"640\" src=\"https:\/\/angelussolucoes.com.br\/wp-content\/uploads\/2025\/09\/Rastreamento.png\" class=\"attachment-full size-full\" alt=\"\" srcset=\"https:\/\/angelussolucoes.com.br\/wp-content\/uploads\/2025\/09\/Rastreamento.png 640w, https:\/\/angelussolucoes.com.br\/wp-content\/uploads\/2025\/09\/Rastreamento-300x300.png 300w, https:\/\/angelussolucoes.com.br\/wp-content\/uploads\/2025\/09\/Rastreamento-150x150.png 150w\" sizes=\"auto, (max-width: 640px) 100vw, 640px\" \/><\/div><div class=\"w-iconbox-meta\"><h6 class=\"w-iconbox-title\">Rastreamento<br \/>\nem tempo real<\/h6><\/div><\/div><\/div><\/div><\/div><div class=\"w-separator size_small\"><\/div><\/div><\/div><\/div><\/div><\/section>\n","protected":false},"excerpt":{"rendered":"Quem somos Quem somos Somos a Angelus, a sua encomenda no melhor caminho. Com mais de 15 anos de experi\u00eancia, somos especializados no transporte rodovi\u00e1rio de cargas, atuando com foco em efici\u00eancia, seguran\u00e7a e economia. Nosso compromisso \u00e9 atender de forma personalizada cada cliente, contribuindo para o sucesso das entregas e para o aumento da...","protected":false},"author":1,"featured_media":0,"parent":0,"menu_order":0,"comment_status":"closed","ping_status":"closed","template":"","meta":{"footnotes":""},"class_list":["post-46","page","type-page","status-publish","hentry"],"_links":{"self":[{"href":"https:\/\/angelussolucoes.com.br\/index.php?rest_route=\/wp\/v2\/pages\/46","targetHints":{"allow":["GET"]}}],"collection":[{"href":"https:\/\/angelussolucoes.com.br\/index.php?rest_route=\/wp\/v2\/pages"}],"about":[{"href":"https:\/\/angelussolucoes.com.br\/index.php?rest_route=\/wp\/v2\/types\/page"}],"author":[{"embeddable":true,"href":"https:\/\/angelussolucoes.com.br\/index.php?rest_route=\/wp\/v2\/users\/1"}],"replies":[{"embeddable":true,"href":"https:\/\/angelussolucoes.com.br\/index.php?rest_route=%2Fwp%2Fv2%2Fcomments&post=46"}],"version-history":[{"count":41,"href":"https:\/\/angelussolucoes.com.br\/index.php?rest_route=\/wp\/v2\/pages\/46\/revisions"}],"predecessor-version":[{"id":281,"href":"https:\/\/angelussolucoes.com.br\/index.php?rest_route=\/wp\/v2\/pages\/46\/revisions\/281"}],"wp:attachment":[{"href":"https:\/\/angelussolucoes.com.br\/index.php?rest_route=%2Fwp%2Fv2%2Fmedia&parent=46"}],"curies":[{"name":"wp","href":"https:\/\/api.w.org\/{rel}","templated":true}]}}