{"id":94,"date":"2025-09-23T13:04:48","date_gmt":"2025-09-23T16:04:48","guid":{"rendered":"https:\/\/angelussolucoes.com.br\/?page_id=94"},"modified":"2025-10-23T16:10:30","modified_gmt":"2025-10-23T19:10:30","slug":"nossos-clientes","status":"publish","type":"page","link":"https:\/\/angelussolucoes.com.br\/?page_id=94","title":{"rendered":"Nossos clientes"},"content":{"rendered":"<section class=\"l-section wpb_row us_custom_8f2ba1f4 us_animate_this hide_on_tablets hide_on_mobiles height_large with_img parallax_fixed\"><div class=\"l-section-img\" role=\"img\" aria-label=\"Imagem\" data-img-width=\"2446\" data-img-height=\"709\" style=\"background-image: url(https:\/\/angelussolucoes.com.br\/wp-content\/uploads\/2025\/09\/Nossos-Clientes.png);background-position: top center;background-repeat: no-repeat;background-size: contain;\"><\/div><div class=\"l-section-h i-cf\"><div class=\"g-cols vc_row via_grid cols_1 laptops-cols_inherit tablets-cols_inherit mobiles-cols_1 valign_top type_default stacking_default\"><div class=\"wpb_column vc_column_container\"><div class=\"vc_column-inner\"><div class=\"g-cols wpb_row us_custom_43e90ff2 has_text_color us_animate_this via_grid cols_1 laptops-cols_inherit tablets-cols_inherit mobiles-cols_1 valign_top type_default stacking_default\" style=\"--columns-gap:3rem;\"><div class=\"wpb_column vc_column_container\"><div class=\"vc_column-inner\"><div class=\"wpb_text_column\"><div class=\"wpb_wrapper\"><h2 style=\"text-align: left;\"><strong>Nossos Clientes<\/strong><\/h2>\n<\/div><\/div><\/div><\/div><\/div><\/div><\/div><\/div><\/div><\/section><section class=\"l-section wpb_row us_custom_8f2ba1f4 us_animate_this hide_on_default hide_on_laptops height_huge with_img parallax_fixed\"><div class=\"l-section-img\" role=\"img\" aria-label=\"Imagem\" data-img-width=\"2446\" data-img-height=\"709\" style=\"background-image: url(https:\/\/angelussolucoes.com.br\/wp-content\/uploads\/2025\/09\/Nossos-Clientes.png);background-position: top center;background-repeat: no-repeat;\"><\/div><div class=\"l-section-h i-cf\"><div class=\"g-cols vc_row via_grid cols_1 laptops-cols_inherit tablets-cols_inherit mobiles-cols_1 valign_top type_default stacking_default\"><div class=\"wpb_column vc_column_container\"><div class=\"vc_column-inner\"><div class=\"w-separator size_large\"><\/div><div class=\"g-cols wpb_row us_custom_43e90ff2 has_text_color us_animate_this via_grid cols_1 laptops-cols_inherit tablets-cols_inherit mobiles-cols_1 valign_top type_default stacking_default\" style=\"--columns-gap:3rem;\"><div class=\"wpb_column vc_column_container\"><div class=\"vc_column-inner\"><div class=\"wpb_text_column\"><div class=\"wpb_wrapper\"><h2 style=\"text-align: center;\"><strong>Nossos Clientes<\/strong><\/h2>\n<\/div><\/div><\/div><\/div><\/div><\/div><\/div><\/div><\/div><\/section><section class=\"l-section wpb_row us_custom_60e9caca us_animate_this height_auto\"><div class=\"l-section-h i-cf\"><div class=\"g-cols vc_row via_grid cols_1 laptops-cols_inherit tablets-cols_inherit mobiles-cols_1 valign_top type_default stacking_default\"><div class=\"wpb_column vc_column_container\"><div class=\"vc_column-inner\"><div class=\"w-separator size_small with_line width_default thick_1 style_solid color_border align_center\"><div class=\"w-separator-h\"><\/div><\/div><div class=\"wpb_text_column\"><div class=\"wpb_wrapper\"><p><b>Parceiros que confiam na nossa estrada.<\/b><\/p>\n<p><span style=\"font-weight: 400;\">Ao longo dos anos, tivemos o privil\u00e9gio de atender algumas das maiores empresas do Cear\u00e1 e do Brasil. Cada entrega \u00e9 feita com dedica\u00e7\u00e3o, porque entendemos que, junto com a carga, transportamos tamb\u00e9m a confian\u00e7a de nossos clientes.<\/span><\/p>\n<\/div><\/div><\/div><\/div><\/div><\/div><\/section><section class=\"l-section wpb_row us_custom_46845caf us_animate_this height_medium\"><div class=\"l-section-h i-cf\"><div class=\"g-cols vc_row via_grid cols_1 laptops-cols_inherit tablets-cols_inherit mobiles-cols_1 valign_top type_default stacking_default\"><div class=\"wpb_column vc_column_container\"><div class=\"vc_column-inner\"><div class=\"wpb_text_column\"><div class=\"wpb_wrapper\"><h3 style=\"text-align: center;\">Principais clientes<\/h3>\n<\/div><\/div><div class=\"w-separator size_small with_line width_default thick_1 style_solid color_border align_center\"><div class=\"w-separator-h\"><\/div><\/div><div class=\"w-gallery fit_cover type_grid ratio_1x1 count_7\" style=\"--columns:7;--items-gap:10px;\"><div class=\"w-gallery-list\"><div class=\"w-gallery-item\"><div class=\"w-gallery-item-img\"><img loading=\"lazy\" decoding=\"async\" width=\"937\" height=\"937\" src=\"https:\/\/angelussolucoes.com.br\/wp-content\/uploads\/2025\/09\/Solar-Coca-cola-1.png\" class=\"attachment-large size-large\" alt=\"\" srcset=\"https:\/\/angelussolucoes.com.br\/wp-content\/uploads\/2025\/09\/Solar-Coca-cola-1.png 937w, https:\/\/angelussolucoes.com.br\/wp-content\/uploads\/2025\/09\/Solar-Coca-cola-1-300x300.png 300w, https:\/\/angelussolucoes.com.br\/wp-content\/uploads\/2025\/09\/Solar-Coca-cola-1-150x150.png 150w\" sizes=\"auto, (max-width: 937px) 100vw, 937px\" \/><\/div><\/div><div class=\"w-gallery-item\"><div class=\"w-gallery-item-img\"><img loading=\"lazy\" decoding=\"async\" width=\"937\" height=\"937\" src=\"https:\/\/angelussolucoes.com.br\/wp-content\/uploads\/2025\/09\/Naturagua-1.png\" class=\"attachment-large size-large\" alt=\"\" srcset=\"https:\/\/angelussolucoes.com.br\/wp-content\/uploads\/2025\/09\/Naturagua-1.png 937w, https:\/\/angelussolucoes.com.br\/wp-content\/uploads\/2025\/09\/Naturagua-1-300x300.png 300w, https:\/\/angelussolucoes.com.br\/wp-content\/uploads\/2025\/09\/Naturagua-1-150x150.png 150w\" sizes=\"auto, (max-width: 937px) 100vw, 937px\" \/><\/div><\/div><div class=\"w-gallery-item\"><div class=\"w-gallery-item-img\"><img loading=\"lazy\" decoding=\"async\" width=\"937\" height=\"937\" src=\"https:\/\/angelussolucoes.com.br\/wp-content\/uploads\/2025\/09\/KanaFlex-1.png\" class=\"attachment-large size-large\" alt=\"\" srcset=\"https:\/\/angelussolucoes.com.br\/wp-content\/uploads\/2025\/09\/KanaFlex-1.png 937w, https:\/\/angelussolucoes.com.br\/wp-content\/uploads\/2025\/09\/KanaFlex-1-300x300.png 300w, https:\/\/angelussolucoes.com.br\/wp-content\/uploads\/2025\/09\/KanaFlex-1-150x150.png 150w\" sizes=\"auto, (max-width: 937px) 100vw, 937px\" \/><\/div><\/div><div class=\"w-gallery-item\"><div class=\"w-gallery-item-img\"><img loading=\"lazy\" decoding=\"async\" width=\"937\" height=\"937\" src=\"https:\/\/angelussolucoes.com.br\/wp-content\/uploads\/2025\/09\/cie-1.png\" class=\"attachment-large size-large\" alt=\"\" srcset=\"https:\/\/angelussolucoes.com.br\/wp-content\/uploads\/2025\/09\/cie-1.png 937w, https:\/\/angelussolucoes.com.br\/wp-content\/uploads\/2025\/09\/cie-1-300x300.png 300w, https:\/\/angelussolucoes.com.br\/wp-content\/uploads\/2025\/09\/cie-1-150x150.png 150w\" sizes=\"auto, (max-width: 937px) 100vw, 937px\" \/><\/div><\/div><div class=\"w-gallery-item\"><div class=\"w-gallery-item-img\"><img loading=\"lazy\" decoding=\"async\" width=\"937\" height=\"937\" src=\"https:\/\/angelussolucoes.com.br\/wp-content\/uploads\/2025\/09\/Jalles-Machado-1.png\" class=\"attachment-large size-large\" alt=\"\" srcset=\"https:\/\/angelussolucoes.com.br\/wp-content\/uploads\/2025\/09\/Jalles-Machado-1.png 937w, https:\/\/angelussolucoes.com.br\/wp-content\/uploads\/2025\/09\/Jalles-Machado-1-300x300.png 300w, https:\/\/angelussolucoes.com.br\/wp-content\/uploads\/2025\/09\/Jalles-Machado-1-150x150.png 150w\" sizes=\"auto, (max-width: 937px) 100vw, 937px\" \/><\/div><\/div><div class=\"w-gallery-item\"><div class=\"w-gallery-item-img\"><img loading=\"lazy\" decoding=\"async\" width=\"937\" height=\"937\" src=\"https:\/\/angelussolucoes.com.br\/wp-content\/uploads\/2025\/09\/CampoLargo-2.png\" class=\"attachment-large size-large\" alt=\"\" srcset=\"https:\/\/angelussolucoes.com.br\/wp-content\/uploads\/2025\/09\/CampoLargo-2.png 937w, https:\/\/angelussolucoes.com.br\/wp-content\/uploads\/2025\/09\/CampoLargo-2-300x300.png 300w, https:\/\/angelussolucoes.com.br\/wp-content\/uploads\/2025\/09\/CampoLargo-2-150x150.png 150w\" sizes=\"auto, (max-width: 937px) 100vw, 937px\" \/><\/div><\/div><div class=\"w-gallery-item\"><div class=\"w-gallery-item-img\"><img loading=\"lazy\" decoding=\"async\" width=\"937\" height=\"937\" src=\"https:\/\/angelussolucoes.com.br\/wp-content\/uploads\/2025\/09\/Arca_Plast-1.png\" class=\"attachment-large size-large\" alt=\"\" srcset=\"https:\/\/angelussolucoes.com.br\/wp-content\/uploads\/2025\/09\/Arca_Plast-1.png 937w, https:\/\/angelussolucoes.com.br\/wp-content\/uploads\/2025\/09\/Arca_Plast-1-300x300.png 300w, https:\/\/angelussolucoes.com.br\/wp-content\/uploads\/2025\/09\/Arca_Plast-1-150x150.png 150w\" sizes=\"auto, (max-width: 937px) 100vw, 937px\" \/><\/div><\/div><\/div><\/div><div class=\"w-separator size_small with_line width_default thick_1 style_solid color_border align_center\"><div class=\"w-separator-h\"><\/div><\/div><\/div><\/div><\/div><\/div><\/section>\n","protected":false},"excerpt":{"rendered":"Nossos Clientes Nossos Clientes Parceiros que confiam na nossa estrada. Ao longo dos anos, tivemos o privil\u00e9gio de atender algumas das maiores empresas do Cear\u00e1 e do Brasil. Cada entrega \u00e9 feita com dedica\u00e7\u00e3o, porque entendemos que, junto com a carga, transportamos tamb\u00e9m a confian\u00e7a de nossos clientes. Principais clientes","protected":false},"author":1,"featured_media":0,"parent":0,"menu_order":0,"comment_status":"closed","ping_status":"closed","template":"","meta":{"footnotes":""},"class_list":["post-94","page","type-page","status-publish","hentry"],"_links":{"self":[{"href":"https:\/\/angelussolucoes.com.br\/index.php?rest_route=\/wp\/v2\/pages\/94","targetHints":{"allow":["GET"]}}],"collection":[{"href":"https:\/\/angelussolucoes.com.br\/index.php?rest_route=\/wp\/v2\/pages"}],"about":[{"href":"https:\/\/angelussolucoes.com.br\/index.php?rest_route=\/wp\/v2\/types\/page"}],"author":[{"embeddable":true,"href":"https:\/\/angelussolucoes.com.br\/index.php?rest_route=\/wp\/v2\/users\/1"}],"replies":[{"embeddable":true,"href":"https:\/\/angelussolucoes.com.br\/index.php?rest_route=%2Fwp%2Fv2%2Fcomments&post=94"}],"version-history":[{"count":13,"href":"https:\/\/angelussolucoes.com.br\/index.php?rest_route=\/wp\/v2\/pages\/94\/revisions"}],"predecessor-version":[{"id":284,"href":"https:\/\/angelussolucoes.com.br\/index.php?rest_route=\/wp\/v2\/pages\/94\/revisions\/284"}],"wp:attachment":[{"href":"https:\/\/angelussolucoes.com.br\/index.php?rest_route=%2Fwp%2Fv2%2Fmedia&parent=94"}],"curies":[{"name":"wp","href":"https:\/\/api.w.org\/{rel}","templated":true}]}}